{"id":4,"date":"2018-05-23T20:16:14","date_gmt":"2018-05-23T18:16:14","guid":{"rendered":"http:\/\/neu.physiotherapie-fleischer.de\/?page_id=4"},"modified":"2018-05-23T20:16:58","modified_gmt":"2018-05-23T18:16:58","slug":"anwendungen-2","status":"publish","type":"page","link":"https:\/\/neu.physiotherapie-fleischer.de\/?page_id=4","title":{"rendered":"Anwendungen"},"content":{"rendered":"<p>Anwendungen<\/p>\n<p><strong>Klassische Physiotherapie<\/strong><\/p>\n<ol>\n<li>allgemeine Krankengymnastik f\u00fcr Kinder und Erwachsene<\/li>\n<li>klassische Massage<\/li>\n<li>manuelle Therapie<\/li>\n<li>Krankengymnastik ZNS (nach Bobath)<\/li>\n<\/ol>\n<p><strong>Unsere Zusatzqualifikationen<\/strong><\/p>\n<ol>\n<li>Manuelle Therapie bei craniomandibul\u00e4rer Dysbalance<\/li>\n<li>Manuelle Lymphdrainage und Kompressionsbehandlung<\/li>\n<li>Atemtherapie bei Muscoviszidose und obstruktiven Atemwegserkrankungen<\/li>\n<li>Rotlicht, hei\u00dfe Rolle<\/li>\n<li>manuelle Lymphdrainage, physikalische \u00d6demtherapie<\/li>\n<li>neurologische Behandlungen (z.B. bei Schlaganfall, M. Parkinson oder Multiple Sklerose)<\/li>\n<\/ol>\n<p><b>Therapieunterst\u00fctzende Ma\u00dfnahmen (auf Rezept<\/b>)<\/p>\n<ol>\n<li>Elektrotherapie \/ Iontophorese<\/li>\n<li>Ultraschall<\/li>\n<li>hei\u00dfe Rolle<\/li>\n<li>Fango (Einwegnaturfango)<\/li>\n<li>Hei\u00dfluft<\/li>\n<li>Eisanwendung<\/li>\n<li>Schlingentischbehandlung<\/li>\n<\/ol>\n<p><strong>Pr\u00e4ventionsbehandlung (f\u00fcr Selbstzahler)<\/strong><\/p>\n<ol>\n<li>Kurland\u00ae &#8222;Lever-Lever&#8220; Energiepunktmassage<\/li>\n<li>Reflektorische Atemtherapie<\/li>\n<li>Fu\u00dfreflexzonenbehandlung<\/li>\n<li>Personal Physiotherapie<\/li>\n<\/ol>\n<p>&nbsp;<\/p>\n","protected":false},"excerpt":{"rendered":"<p>Anwendungen Klassische Physiotherapie allgemeine Krankengymnastik f\u00fcr Kinder und Erwachsene klassische Massage manuelle Therapie Krankengymnastik ZNS (nach Bobath) Unsere Zusatzqualifikationen Manuelle Therapie bei craniomandibul\u00e4rer Dysbalance Manuelle Lymphdrainage und Kompressionsbehandlung Atemtherapie bei Muscoviszidose und obstruktiven Atemwegserkrankungen Rotlicht, hei\u00dfe Rolle manuelle Lymphdrainage, physikalische \u00d6demtherapie neurologische Behandlungen (z.B. bei Schlaganfall, M. Parkinson oder Multiple Sklerose) Therapieunterst\u00fctzende Ma\u00dfnahmen (auf Rezept) &hellip; <\/p>\n<p class=\"link-more\"><a href=\"https:\/\/neu.physiotherapie-fleischer.de\/?page_id=4\" class=\"more-link\"><span class=\"screen-reader-text\">\u201eAnwendungen\u201c <\/span>weiterlesen<\/a><\/p>\n","protected":false},"author":1,"featured_media":0,"parent":0,"menu_order":0,"comment_status":"closed","ping_status":"closed","template":"","meta":{"ngg_post_thumbnail":0,"footnotes":""},"class_list":["post-4","page","type-page","status-publish","hentry"],"jetpack_sharing_enabled":true,"_links":{"self":[{"href":"https:\/\/neu.physiotherapie-fleischer.de\/index.php?rest_route=\/wp\/v2\/pages\/4","targetHints":{"allow":["GET"]}}],"collection":[{"href":"https:\/\/neu.physiotherapie-fleischer.de\/index.php?rest_route=\/wp\/v2\/pages"}],"about":[{"href":"https:\/\/neu.physiotherapie-fleischer.de\/index.php?rest_route=\/wp\/v2\/types\/page"}],"author":[{"embeddable":true,"href":"https:\/\/neu.physiotherapie-fleischer.de\/index.php?rest_route=\/wp\/v2\/users\/1"}],"replies":[{"embeddable":true,"href":"https:\/\/neu.physiotherapie-fleischer.de\/index.php?rest_route=%2Fwp%2Fv2%2Fcomments&post=4"}],"version-history":[{"count":1,"href":"https:\/\/neu.physiotherapie-fleischer.de\/index.php?rest_route=\/wp\/v2\/pages\/4\/revisions"}],"predecessor-version":[{"id":73,"href":"https:\/\/neu.physiotherapie-fleischer.de\/index.php?rest_route=\/wp\/v2\/pages\/4\/revisions\/73"}],"wp:attachment":[{"href":"https:\/\/neu.physiotherapie-fleischer.de\/index.php?rest_route=%2Fwp%2Fv2%2Fmedia&parent=4"}],"curies":[{"name":"wp","href":"https:\/\/api.w.org\/{rel}","templated":true}]}}