{"id":61,"date":"2014-01-13T16:37:02","date_gmt":"2014-01-13T14:37:02","guid":{"rendered":"http:\/\/neu.physiotherapie-fleischer.de\/?page_id=61"},"modified":"2018-05-24T11:29:20","modified_gmt":"2018-05-24T09:29:20","slug":"impressum","status":"publish","type":"page","link":"https:\/\/neu.physiotherapie-fleischer.de\/?page_id=61","title":{"rendered":"Impressum"},"content":{"rendered":"<h1>Impressum<\/h1>\n<p>&nbsp;<\/p>\n<p><b><span style=\"margin: 0px; color: black; font-family: 'Arial',sans-serif; font-size: 15pt;\">Angaben gem\u00e4\u00df \u00a7 5 TMG:<\/span><\/b><br \/>\n<span style=\"margin: 0px; color: black; font-family: 'Arial',sans-serif; font-size: 10.5pt;\">Barbara Fleischer<\/span><br \/>\n<span style=\"margin: 0px; color: black; font-family: 'Arial',sans-serif; font-size: 10.5pt;\">Langes Sachseng\u00e4\u00dfchen 12<\/span><br \/>\n<span style=\"margin: 0px; color: black; font-family: 'Arial',sans-serif; font-size: 10.5pt;\">86152 Augsburg<\/span><br \/>\n&nbsp;<\/p>\n<p><b><span style=\"margin: 0px; color: black; font-family: 'Arial',sans-serif; font-size: 15pt;\">Vertreten durch:<\/span><\/b><br \/>\n<span style=\"margin: 0px; color: black; font-family: 'Arial',sans-serif; font-size: 10.5pt;\">Barbara Fleischer<\/span><br \/>\n&nbsp;<\/p>\n<p><b><span style=\"margin: 0px; color: black; font-family: 'Arial',sans-serif; font-size: 15pt;\">Kontakt:<\/span><\/b><\/p>\n<p><span style=\"margin: 0px; color: black; font-family: 'Arial',sans-serif; font-size: 10.5pt;\">Barbara Fleischer<\/span><br \/>\n<span style=\"margin: 0px; color: black; font-family: 'Arial',sans-serif; font-size: 10.5pt;\">Physiotherapie_fleischer@t-online.de<\/span><br \/>\n&nbsp;<\/p>\n<p><b><span style=\"margin: 0px; color: black; font-family: 'Arial',sans-serif; font-size: 15pt;\">Steuereintrag:<\/span><\/b><\/p>\n<p><span style=\"margin: 0px; color: black; font-family: 'Arial',sans-serif; font-size: 10.5pt;\">Steuer-ID 75 714 823 097<\/span><\/p>\n<p><b><span style=\"margin: 0px; color: black; font-family: 'Arial',sans-serif; font-size: 15pt;\">&nbsp;<\/span><\/b><\/p>\n<p><b><span style=\"margin: 0px; color: black; font-family: 'Arial',sans-serif; font-size: 15pt;\">Verantwortlich f\u00fcr den Inhalt nach \u00a7 55 Abs. 2 RStV:<\/span><\/b><\/p>\n<p><span style=\"margin: 0px; color: black; font-family: 'Arial',sans-serif; font-size: 10.5pt;\">Barbara Fleischer<\/span><br \/>\n<span style=\"margin: 0px; color: black; font-family: 'Arial',sans-serif; font-size: 10.5pt;\">Langes Sachseng\u00e4\u00dfchen 12<\/span><br \/>\n<span style=\"margin: 0px; color: black; font-family: 'Arial',sans-serif; font-size: 10.5pt;\">86152 Augsburg<\/span><br \/>\n&nbsp;<\/p>\n<p><b><span style=\"margin: 0px; color: black; font-family: 'Arial',sans-serif; font-size: 15pt;\">Streitschlichtung<\/span><\/b><\/p>\n<p><span style=\"margin: 0px; color: black; font-family: 'Arial',sans-serif; font-size: 10.5pt;\">Wir sind nicht bereit oder verpflichtet, an Streitbeilegungsverfahren vor einer Verbraucherschlichtungsstelle teilzunehmen.<\/span><\/p>\n<p><b><span style=\"margin: 0px; color: black; font-family: 'Arial',sans-serif; font-size: 12pt;\">&nbsp;<\/span><\/b><\/p>\n<p><b><span style=\"margin: 0px; color: black; font-family: 'Arial',sans-serif; font-size: 12pt;\">Haftung f\u00fcr Inhalte<\/span><\/b><\/p>\n<p><span style=\"margin: 0px; color: black; font-family: 'Arial',sans-serif; font-size: 10.5pt;\">Als Diensteanbieter sind wir gem\u00e4\u00df \u00a7 7 Abs.1 TMG f\u00fcr eigene Inhalte auf diesen Seiten nach den allgemeinen Gesetzen verantwortlich. Nach \u00a7\u00a7 8 bis 10 TMG sind wir als Diensteanbieter jedoch nicht verpflichtet, \u00fcbermittelte oder gespeicherte fremde Informationen zu \u00fcberwachen oder nach Umst\u00e4nden zu forschen, die auf eine rechtswidrige T\u00e4tigkeit hinweisen.<\/span><\/p>\n<p><span style=\"margin: 0px; color: black; font-family: 'Arial',sans-serif; font-size: 10.5pt;\">Verpflichtungen zur Entfernung oder Sperrung der Nutzung von Informationen nach den allgemeinen Gesetzen bleiben hiervon unber\u00fchrt. Eine diesbez\u00fcgliche Haftung ist jedoch erst ab dem Zeitpunkt der Kenntnis einer konkreten Rechtsverletzung m\u00f6glich. Bei Bekanntwerden von entsprechenden Rechtsverletzungen werden wir diese Inhalte umgehend entfernen.<\/span><\/p>\n<p><b><span style=\"margin: 0px; color: black; font-family: 'Arial',sans-serif; font-size: 12pt;\">Haftung f\u00fcr Links<\/span><\/b><\/p>\n<p><span style=\"margin: 0px; color: black; font-family: 'Arial',sans-serif; font-size: 10.5pt;\">Unser Angebot enth\u00e4lt Links zu externen Websites Dritter, auf deren Inhalte wir keinen Einfluss haben.<\/span><\/p>\n<p><span style=\"margin: 0px; color: black; font-family: 'Arial',sans-serif; font-size: 10.5pt;\">Deshalb k\u00f6nnen wir f\u00fcr diese fremden Inhalte auch keine Gew\u00e4hr \u00fcbernehmen. F\u00fcr die Inhalte der verlinkten Seiten ist stets der jeweilige Anbieter oder Betreiber der Seiten verantwortlich. Die verlinkten Seiten wurden zum Zeitpunkt der Verlinkung auf m\u00f6gliche Rechtsverst\u00f6\u00dfe \u00fcberpr\u00fcft. Rechtswidrige Inhalte waren zum Zeitpunkt der Verlinkung nicht erkennbar.<\/span><\/p>\n<p><span style=\"margin: 0px; color: black; font-family: 'Arial',sans-serif; font-size: 10.5pt;\">Eine permanente inhaltliche Kontrolle der verlinkten Seiten ist jedoch ohne konkrete Anhaltspunkte einer Rechtsverletzung nicht zumutbar. Bei Bekanntwerden von Rechtsverletzungen werden wir derartige Links umgehend entfernen.<\/span><\/p>\n<p><b><span style=\"margin: 0px; color: black; font-family: 'Arial',sans-serif; font-size: 12pt;\">Urheberrecht<\/span><\/b><\/p>\n<p><span style=\"margin: 0px; color: black; font-family: 'Arial',sans-serif; font-size: 10.5pt;\">Die durch die Seitenbetreiber erstellten Inhalte und Werke auf diesen Seiten unterliegen dem deutschen Urheberrecht. Die Vervielf\u00e4ltigung, Bearbeitung, Verbreitung und jede Art der Verwertung au\u00dferhalb der Grenzen des Urheberrechtes bed\u00fcrfen der schriftlichen Zustimmung des jeweiligen Autors bzw. Erstellers. Downloads und Kopien dieser Seite sind nur f\u00fcr den privaten, nicht kommerziellen Gebrauch gestattet.<\/span><\/p>\n<p><span style=\"margin: 0px; color: black; font-family: 'Arial',sans-serif; font-size: 10.5pt;\">Soweit die Inhalte auf dieser Seite nicht vom Betreiber erstellt wurden, werden die Urheberrechte Dritter beachtet. Insbesondere werden Inhalte Dritter als solche gekennzeichnet. Sollten Sie trotzdem auf eine Urheberrechtsverletzung aufmerksam werden, bitten wir um einen entsprechenden Hinweis. Bei Bekanntwerden von Rechtsverletzungen werden wir derartige Inhalte umgehend entfernen.<\/span><\/p>\n","protected":false},"excerpt":{"rendered":"<p>Impressum &nbsp; Angaben gem\u00e4\u00df \u00a7 5 TMG: Barbara Fleischer Langes Sachseng\u00e4\u00dfchen 12 86152 Augsburg &nbsp; Vertreten durch: Barbara Fleischer &nbsp; Kontakt: Barbara Fleischer Physiotherapie_fleischer@t-online.de &nbsp; Steuereintrag: Steuer-ID 75 714 823 097 &nbsp; Verantwortlich f\u00fcr den Inhalt nach \u00a7 55 Abs. 2 RStV: Barbara Fleischer Langes Sachseng\u00e4\u00dfchen 12 86152 Augsburg &nbsp; Streitschlichtung Wir sind nicht bereit &hellip; <\/p>\n<p class=\"link-more\"><a href=\"https:\/\/neu.physiotherapie-fleischer.de\/?page_id=61\" class=\"more-link\"><span class=\"screen-reader-text\">\u201eImpressum\u201c <\/span>weiterlesen<\/a><\/p>\n","protected":false},"author":1,"featured_media":0,"parent":0,"menu_order":5,"comment_status":"closed","ping_status":"closed","template":"","meta":{"ngg_post_thumbnail":0,"footnotes":""},"class_list":["post-61","page","type-page","status-publish","hentry"],"jetpack_sharing_enabled":true,"_links":{"self":[{"href":"https:\/\/neu.physiotherapie-fleischer.de\/index.php?rest_route=\/wp\/v2\/pages\/61","targetHints":{"allow":["GET"]}}],"collection":[{"href":"https:\/\/neu.physiotherapie-fleischer.de\/index.php?rest_route=\/wp\/v2\/pages"}],"about":[{"href":"https:\/\/neu.physiotherapie-fleischer.de\/index.php?rest_route=\/wp\/v2\/types\/page"}],"author":[{"embeddable":true,"href":"https:\/\/neu.physiotherapie-fleischer.de\/index.php?rest_route=\/wp\/v2\/users\/1"}],"replies":[{"embeddable":true,"href":"https:\/\/neu.physiotherapie-fleischer.de\/index.php?rest_route=%2Fwp%2Fv2%2Fcomments&post=61"}],"version-history":[{"count":5,"href":"https:\/\/neu.physiotherapie-fleischer.de\/index.php?rest_route=\/wp\/v2\/pages\/61\/revisions"}],"predecessor-version":[{"id":104,"href":"https:\/\/neu.physiotherapie-fleischer.de\/index.php?rest_route=\/wp\/v2\/pages\/61\/revisions\/104"}],"wp:attachment":[{"href":"https:\/\/neu.physiotherapie-fleischer.de\/index.php?rest_route=%2Fwp%2Fv2%2Fmedia&parent=61"}],"curies":[{"name":"wp","href":"https:\/\/api.w.org\/{rel}","templated":true}]}}