{"id":68,"date":"2018-05-23T20:12:48","date_gmt":"2018-05-23T18:12:48","guid":{"rendered":"http:\/\/neu.physiotherapie-fleischer.de\/?page_id=68"},"modified":"2018-05-23T20:51:20","modified_gmt":"2018-05-23T18:51:20","slug":"wir-ueber-uns","status":"publish","type":"page","link":"https:\/\/neu.physiotherapie-fleischer.de\/?page_id=68","title":{"rendered":"Wir \u00fcber uns"},"content":{"rendered":"<p>Herzlich Willkommen bei Barbara Fleischer Physiotherapie!<\/p>\n<p>Wir bieten lange und flexible \u00d6ffnungszeiten f\u00fcr Berufst\u00e4tige.<\/p>\n<p><a href=\"https:\/\/neu.physiotherapie-fleischer.de\/wp-content\/uploads\/2014\/01\/Uhr.jpg\"><img loading=\"lazy\" decoding=\"async\" width=\"95\" height=\"123\" class=\"alignnone size-full wp-image-48\" alt=\"\" src=\"https:\/\/neu.physiotherapie-fleischer.de\/wp-content\/uploads\/2014\/01\/Uhr.jpg\"><\/a><\/p>\n<p>Sie k\u00f6nnen uns telefonisch von Mo-Fr von 8 bis 18 Uhr direkt erreichen, au\u00dferhalb dieser Zeiten oder zu Zeiten, in denen alle Mitglieder der Praxis in Behandlungen sind, bitte auf den Anrufbeantworter sprechen, wir rufen Sie umgehend zur\u00fcck<\/p>\n<p>F\u00fcr Leistungen auf Rezept gelten die aktuellen Zuzahlungstarife der jeweiligen Krankenkassen<br \/>\nLeistungen \u00e4rztl. Verordnung (alle Kassen)<\/p>\n<p>&nbsp;<\/p>\n<p>&nbsp;<\/p>\n<p>Langes Sachseng\u00e4\u00dfchen 12<\/p>\n<p>86152 Augsburg<\/p>\n<p>Telefon: (0821) 311 259<\/p>\n<p>\u00d6ffentliche Parkpl\u00e4tze stehen Ihnen am Lauterlech zur Verf\u00fcgung. Sie k\u00f6nnen uns auch gut mit der Trambahn Linie 1 und dem Bus erreichen.<\/p>\n<p>&nbsp;<\/p>\n<p>&nbsp;<\/p>\n","protected":false},"excerpt":{"rendered":"<p>Herzlich Willkommen bei Barbara Fleischer Physiotherapie! Wir bieten lange und flexible \u00d6ffnungszeiten f\u00fcr Berufst\u00e4tige. Sie k\u00f6nnen uns telefonisch von Mo-Fr von 8 bis 18 Uhr direkt erreichen, au\u00dferhalb dieser Zeiten oder zu Zeiten, in denen alle Mitglieder der Praxis in Behandlungen sind, bitte auf den Anrufbeantworter sprechen, wir rufen Sie umgehend zur\u00fcck F\u00fcr Leistungen auf &hellip; <\/p>\n<p class=\"link-more\"><a href=\"https:\/\/neu.physiotherapie-fleischer.de\/?page_id=68\" class=\"more-link\"><span class=\"screen-reader-text\">\u201eWir \u00fcber uns\u201c <\/span>weiterlesen<\/a><\/p>\n","protected":false},"author":1,"featured_media":0,"parent":0,"menu_order":0,"comment_status":"closed","ping_status":"closed","template":"","meta":{"ngg_post_thumbnail":0,"footnotes":""},"class_list":["post-68","page","type-page","status-publish","hentry"],"jetpack_sharing_enabled":true,"_links":{"self":[{"href":"https:\/\/neu.physiotherapie-fleischer.de\/index.php?rest_route=\/wp\/v2\/pages\/68","targetHints":{"allow":["GET"]}}],"collection":[{"href":"https:\/\/neu.physiotherapie-fleischer.de\/index.php?rest_route=\/wp\/v2\/pages"}],"about":[{"href":"https:\/\/neu.physiotherapie-fleischer.de\/index.php?rest_route=\/wp\/v2\/types\/page"}],"author":[{"embeddable":true,"href":"https:\/\/neu.physiotherapie-fleischer.de\/index.php?rest_route=\/wp\/v2\/users\/1"}],"replies":[{"embeddable":true,"href":"https:\/\/neu.physiotherapie-fleischer.de\/index.php?rest_route=%2Fwp%2Fv2%2Fcomments&post=68"}],"version-history":[{"count":3,"href":"https:\/\/neu.physiotherapie-fleischer.de\/index.php?rest_route=\/wp\/v2\/pages\/68\/revisions"}],"predecessor-version":[{"id":100,"href":"https:\/\/neu.physiotherapie-fleischer.de\/index.php?rest_route=\/wp\/v2\/pages\/68\/revisions\/100"}],"wp:attachment":[{"href":"https:\/\/neu.physiotherapie-fleischer.de\/index.php?rest_route=%2Fwp%2Fv2%2Fmedia&parent=68"}],"curies":[{"name":"wp","href":"https:\/\/api.w.org\/{rel}","templated":true}]}}