{"id":7,"date":"2014-01-13T16:08:19","date_gmt":"2014-01-13T14:08:19","guid":{"rendered":"http:\/\/neu.physiotherapie-fleischer.de\/?page_id=7"},"modified":"2018-05-23T20:24:21","modified_gmt":"2018-05-23T18:24:21","slug":"phyliosophie","status":"publish","type":"page","link":"https:\/\/neu.physiotherapie-fleischer.de\/?page_id=7","title":{"rendered":"Philosophie"},"content":{"rendered":"<p>Philosophie unserer Praxis<\/p>\n<p class=\"Stil1\">Wir m\u00f6chten Ihnen in unserer Praxis eine qualitativ hochwertige Behandlung bieten.<\/p>\n<p class=\"Stil1\">Unsere Behandlungen sollen Ihnen helfen, Ihre Beschwerden zu heilen oder zu lindern, und sollen Ihnen Unterst\u00fctzung bei der Erhaltung Ihrer Gesundheit bzw. Ihres Wohlbefindens geben.<\/p>\n<p class=\"Stil1\">Da K\u00f6rper und Geist eine Einheit bilden, ist es uns wichtig, dass Sie sich bei der Behandlung in hellen und freundlich gestalteten R\u00e4umen wohlf\u00fchlen k\u00f6nnen. Sie werden in unserer \u00fcbersichtlichen Praxis Ruhe und Gelassenheit vorfinden, die somit eine geeignete Atmosph\u00e4re f\u00fcr Ihr Wohlbefinden schaffen.<\/p>\n<p class=\"Stil1\">Wir nehmen uns Zeit f\u00fcr unsere Patienten; das hei\u00dft, wir vereinbaren Termine im halbst\u00fcndigen Rhythmus und gew\u00e4hren damit einen reibungslosen und stressfreien Praxisablauf.<\/p>\n<p class=\"Stil1\"><span class=\"Stil1\">Wir legen Wert auf individuelle und kontinuierliche Behandlung unserer Patienten; so versuchen wir die gesamte Therapie m\u00f6glichst ohne Therapeutenwechsel durchf\u00fchren. <\/span> &nbsp;&nbsp;&nbsp;&nbsp;<\/p>\n<p class=\"Stil1\">Unsere Mitarbeiter sind durchwegs hochqualifizierte, erfahrene, engagierte und dynamische Therapeuten.<\/p>\n","protected":false},"excerpt":{"rendered":"<p>Philosophie unserer Praxis Wir m\u00f6chten Ihnen in unserer Praxis eine qualitativ hochwertige Behandlung bieten. Unsere Behandlungen sollen Ihnen helfen, Ihre Beschwerden zu heilen oder zu lindern, und sollen Ihnen Unterst\u00fctzung bei der Erhaltung Ihrer Gesundheit bzw. Ihres Wohlbefindens geben. Da K\u00f6rper und Geist eine Einheit bilden, ist es uns wichtig, dass Sie sich bei der &hellip; <\/p>\n<p class=\"link-more\"><a href=\"https:\/\/neu.physiotherapie-fleischer.de\/?page_id=7\" class=\"more-link\"><span class=\"screen-reader-text\">\u201ePhilosophie\u201c <\/span>weiterlesen<\/a><\/p>\n","protected":false},"author":1,"featured_media":0,"parent":0,"menu_order":3,"comment_status":"closed","ping_status":"closed","template":"","meta":{"ngg_post_thumbnail":0,"footnotes":""},"class_list":["post-7","page","type-page","status-publish","hentry"],"jetpack_sharing_enabled":true,"_links":{"self":[{"href":"https:\/\/neu.physiotherapie-fleischer.de\/index.php?rest_route=\/wp\/v2\/pages\/7","targetHints":{"allow":["GET"]}}],"collection":[{"href":"https:\/\/neu.physiotherapie-fleischer.de\/index.php?rest_route=\/wp\/v2\/pages"}],"about":[{"href":"https:\/\/neu.physiotherapie-fleischer.de\/index.php?rest_route=\/wp\/v2\/types\/page"}],"author":[{"embeddable":true,"href":"https:\/\/neu.physiotherapie-fleischer.de\/index.php?rest_route=\/wp\/v2\/users\/1"}],"replies":[{"embeddable":true,"href":"https:\/\/neu.physiotherapie-fleischer.de\/index.php?rest_route=%2Fwp%2Fv2%2Fcomments&post=7"}],"version-history":[{"count":4,"href":"https:\/\/neu.physiotherapie-fleischer.de\/index.php?rest_route=\/wp\/v2\/pages\/7\/revisions"}],"predecessor-version":[{"id":81,"href":"https:\/\/neu.physiotherapie-fleischer.de\/index.php?rest_route=\/wp\/v2\/pages\/7\/revisions\/81"}],"wp:attachment":[{"href":"https:\/\/neu.physiotherapie-fleischer.de\/index.php?rest_route=%2Fwp%2Fv2%2Fmedia&parent=7"}],"curies":[{"name":"wp","href":"https:\/\/api.w.org\/{rel}","templated":true}]}}